{"id":761,"date":"2018-08-09T20:40:18","date_gmt":"2018-08-09T20:40:18","guid":{"rendered":"http:\/\/synablacas.net\/?page_id=761"},"modified":"2020-01-30T17:42:59","modified_gmt":"2020-01-30T15:42:59","slug":"dons-et-cotisation","status":"publish","type":"page","link":"http:\/\/synablacas.net\/index.php\/dons-et-cotisation\/","title":{"rendered":"Dons et cotisation"},"content":{"rendered":"\n<h2> Appel \u00e0 cotisation pour l&rsquo;ann\u00e9e 2020 ! <\/h2>\n\n\n<form action=\"https:\/\/www.paypal.com\/cgi-bin\/webscr\" method=\"post\" target=\"_top\">\n<p><input name=\"cmd\" type=\"hidden\" value=\"_s-xclick\" \/><\/p>\n<p>Vous pouvez r\u00e9gulariser votre cotisation pour l&rsquo;ann\u00e9e 2020.<br \/>&#8211; 120 \u20ac en une fois<br \/>&#8211; ou 60 \u20ac maintenant 60 \u20ac \u00e0 cumuler avec les f\u00eates de Tichri<br \/><br \/>Vous pouvez r\u00e9gler par ch\u00e8que \u00e0 l&rsquo;ordre de \u00ab\u00a0ACI Blacas\u00a0\u00bb soit par PayPal :<br \/><input name=\"hosted_button_id\" type=\"hidden\" value=\"5RE9UGXLC3KLA\" \/><br \/><input title=\"PayPal - The safer, easier way to pay online!\" alt=\"Donate with PayPal button\" name=\"submit\" src=\"https:\/\/www.paypalobjects.com\/fr_FR\/FR\/i\/btn\/btn_donateCC_LG.gif\" type=\"image\" \/><br \/><img loading=\"lazy\" src=\"https:\/\/www.paypal.com\/fr_FR\/i\/scr\/pixel.gif\" alt=\"\" width=\"1\" height=\"1\" border=\"0\" \/><\/p>\n<\/form>","protected":false},"excerpt":{"rendered":"<p>Appel \u00e0 cotisation pour l&rsquo;ann\u00e9e 2020 ! Vous pouvez r\u00e9gulariser votre cotisation pour l&rsquo;ann\u00e9e 2020.&#8211; 120 \u20ac en une fois&#8211;<\/p>\n","protected":false},"author":2,"featured_media":0,"parent":0,"menu_order":0,"comment_status":"closed","ping_status":"closed","template":"","meta":[],"yoast_head":"<!-- This site is optimized with the Yoast SEO plugin v15.6.2 - https:\/\/yoast.com\/wordpress\/plugins\/seo\/ -->\n<title>Dons et cotisation - Synablacas \/ Ezrat A&#039;him<\/title>\n<meta name=\"robots\" content=\"index, follow, max-snippet:-1, max-image-preview:large, max-video-preview:-1\" \/>\n<link rel=\"canonical\" href=\"http:\/\/synablacas.net\/index.php\/dons-et-cotisation\/\" \/>\n<meta property=\"og:locale\" content=\"fr_FR\" \/>\n<meta property=\"og:type\" content=\"article\" \/>\n<meta property=\"og:title\" content=\"Dons et cotisation - Synablacas \/ Ezrat A&#039;him\" \/>\n<meta property=\"og:description\" content=\"Appel \u00e0 cotisation pour l&rsquo;ann\u00e9e 2020 ! Vous pouvez r\u00e9gulariser votre cotisation pour l&rsquo;ann\u00e9e 2020.&#8211; 120 \u20ac en une fois&#8211;\" \/>\n<meta property=\"og:url\" content=\"http:\/\/synablacas.net\/index.php\/dons-et-cotisation\/\" \/>\n<meta property=\"og:site_name\" content=\"Synablacas \/ Ezrat A&#039;him\" \/>\n<meta property=\"article:modified_time\" content=\"2020-01-30T15:42:59+00:00\" \/>\n<meta property=\"og:image\" content=\"https:\/\/www.paypal.com\/fr_FR\/i\/scr\/pixel.gif\" \/>\n<meta name=\"twitter:card\" content=\"summary_large_image\" \/>\n<script type=\"application\/ld+json\" class=\"yoast-schema-graph\">{\"@context\":\"https:\/\/schema.org\",\"@graph\":[{\"@type\":\"WebSite\",\"@id\":\"http:\/\/synablacas.net\/#website\",\"url\":\"http:\/\/synablacas.net\/\",\"name\":\"Synablacas \/ Ezrat A&#039;him\",\"description\":\"La Synagogue Ashkenaze de Nice\",\"potentialAction\":[{\"@type\":\"SearchAction\",\"target\":\"http:\/\/synablacas.net\/?s={search_term_string}\",\"query-input\":\"required name=search_term_string\"}],\"inLanguage\":\"fr-FR\"},{\"@type\":\"ImageObject\",\"@id\":\"http:\/\/synablacas.net\/index.php\/dons-et-cotisation\/#primaryimage\",\"inLanguage\":\"fr-FR\",\"url\":\"https:\/\/www.paypal.com\/fr_FR\/i\/scr\/pixel.gif\"},{\"@type\":\"WebPage\",\"@id\":\"http:\/\/synablacas.net\/index.php\/dons-et-cotisation\/#webpage\",\"url\":\"http:\/\/synablacas.net\/index.php\/dons-et-cotisation\/\",\"name\":\"Dons et cotisation - Synablacas \/ Ezrat A&#039;him\",\"isPartOf\":{\"@id\":\"http:\/\/synablacas.net\/#website\"},\"primaryImageOfPage\":{\"@id\":\"http:\/\/synablacas.net\/index.php\/dons-et-cotisation\/#primaryimage\"},\"datePublished\":\"2018-08-09T20:40:18+00:00\",\"dateModified\":\"2020-01-30T15:42:59+00:00\",\"inLanguage\":\"fr-FR\",\"potentialAction\":[{\"@type\":\"ReadAction\",\"target\":[\"http:\/\/synablacas.net\/index.php\/dons-et-cotisation\/\"]}]}]}<\/script>\n<!-- \/ Yoast SEO plugin. -->","_links":{"self":[{"href":"http:\/\/synablacas.net\/index.php\/wp-json\/wp\/v2\/pages\/761"}],"collection":[{"href":"http:\/\/synablacas.net\/index.php\/wp-json\/wp\/v2\/pages"}],"about":[{"href":"http:\/\/synablacas.net\/index.php\/wp-json\/wp\/v2\/types\/page"}],"author":[{"embeddable":true,"href":"http:\/\/synablacas.net\/index.php\/wp-json\/wp\/v2\/users\/2"}],"replies":[{"embeddable":true,"href":"http:\/\/synablacas.net\/index.php\/wp-json\/wp\/v2\/comments?post=761"}],"version-history":[{"count":38,"href":"http:\/\/synablacas.net\/index.php\/wp-json\/wp\/v2\/pages\/761\/revisions"}],"predecessor-version":[{"id":1322,"href":"http:\/\/synablacas.net\/index.php\/wp-json\/wp\/v2\/pages\/761\/revisions\/1322"}],"wp:attachment":[{"href":"http:\/\/synablacas.net\/index.php\/wp-json\/wp\/v2\/media?parent=761"}],"curies":[{"name":"wp","href":"https:\/\/api.w.org\/{rel}","templated":true}]}}